{"id":1590,"date":"2024-07-07T21:01:27","date_gmt":"2024-07-08T00:01:27","guid":{"rendered":"https:\/\/araujopolicastro.com.br\/home\/"},"modified":"2024-08-16T23:08:48","modified_gmt":"2024-08-17T02:08:48","slug":"home","status":"publish","type":"page","link":"https:\/\/araujopolicastro.com.br\/en\/","title":{"rendered":"Home"},"content":{"rendered":"","protected":false},"excerpt":{"rendered":"","protected":false},"author":1,"featured_media":0,"parent":0,"menu_order":0,"comment_status":"closed","ping_status":"closed","template":"","meta":{"_acf_changed":false,"footnotes":""},"class_list":["post-1590","page","type-page","status-publish","hentry"],"acf":[],"yoast_head":"<!-- This site is optimized with the Yoast SEO plugin v27.3 - https:\/\/yoast.com\/product\/yoast-seo-wordpress\/ -->\n<title>Home - Ara\u00fajo e Policastro Advogados<\/title>\n<meta name=\"robots\" content=\"index, follow, max-snippet:-1, max-image-preview:large, max-video-preview:-1\" \/>\n<link rel=\"canonical\" href=\"https:\/\/araujopolicastro.com.br\/\" \/>\n<meta property=\"og:locale\" content=\"en_US\" \/>\n<meta property=\"og:type\" content=\"article\" \/>\n<meta property=\"og:title\" content=\"Home - Ara\u00fajo e Policastro Advogados\" \/>\n<meta property=\"og:url\" content=\"https:\/\/araujopolicastro.com.br\/\" \/>\n<meta property=\"og:site_name\" content=\"Ara\u00fajo e Policastro Advogados\" \/>\n<meta property=\"article:publisher\" content=\"https:\/\/www.facebook.com\/araujopolicastro\" \/>\n<meta property=\"article:modified_time\" content=\"2024-08-17T02:08:48+00:00\" \/>\n<meta property=\"og:image\" content=\"https:\/\/araujopolicastro.com.br\/wp-content\/uploads\/2024\/08\/Logo_AP-2.jpg\" \/>\n<meta name=\"twitter:card\" content=\"summary_large_image\" \/>\n<script type=\"application\/ld+json\" class=\"yoast-schema-graph\">{\"@context\":\"https:\\\/\\\/schema.org\",\"@graph\":[{\"@type\":\"WebPage\",\"@id\":\"https:\\\/\\\/araujopolicastro.com.br\\\/\",\"url\":\"https:\\\/\\\/araujopolicastro.com.br\\\/\",\"name\":\"Home - Ara\u00fajo e Policastro Advogados\",\"isPartOf\":{\"@id\":\"https:\\\/\\\/araujopolicastro.com.br\\\/#website\"},\"datePublished\":\"2024-07-08T00:01:27+00:00\",\"dateModified\":\"2024-08-17T02:08:48+00:00\",\"breadcrumb\":{\"@id\":\"https:\\\/\\\/araujopolicastro.com.br\\\/#breadcrumb\"},\"inLanguage\":\"en-US\",\"potentialAction\":[{\"@type\":\"ReadAction\",\"target\":[\"https:\\\/\\\/araujopolicastro.com.br\\\/\"]}]},{\"@type\":\"BreadcrumbList\",\"@id\":\"https:\\\/\\\/araujopolicastro.com.br\\\/#breadcrumb\",\"itemListElement\":[{\"@type\":\"ListItem\",\"position\":1,\"name\":\"In\u00edcio\",\"item\":\"https:\\\/\\\/araujopolicastro.com.br\\\/\"},{\"@type\":\"ListItem\",\"position\":2,\"name\":\"Home\"}]},{\"@type\":\"WebSite\",\"@id\":\"https:\\\/\\\/araujopolicastro.com.br\\\/#website\",\"url\":\"https:\\\/\\\/araujopolicastro.com.br\\\/\",\"name\":\"Ara\u00fajo e Policastro Advogados\",\"description\":\"\u00c9 um dos mais conceituados escrit\u00f3rios de advocacia do Brasil, especializado em direito empresarial e internacional, com ampla experi\u00eancia e excel\u00eancia.\",\"publisher\":{\"@id\":\"https:\\\/\\\/araujopolicastro.com.br\\\/#organization\"},\"potentialAction\":[{\"@type\":\"SearchAction\",\"target\":{\"@type\":\"EntryPoint\",\"urlTemplate\":\"https:\\\/\\\/araujopolicastro.com.br\\\/?s={search_term_string}\"},\"query-input\":{\"@type\":\"PropertyValueSpecification\",\"valueRequired\":true,\"valueName\":\"search_term_string\"}}],\"inLanguage\":\"en-US\"},{\"@type\":\"Organization\",\"@id\":\"https:\\\/\\\/araujopolicastro.com.br\\\/#organization\",\"name\":\"Ara\u00fajo e Policastro Advogados\",\"url\":\"https:\\\/\\\/araujopolicastro.com.br\\\/\",\"logo\":{\"@type\":\"ImageObject\",\"inLanguage\":\"en-US\",\"@id\":\"https:\\\/\\\/araujopolicastro.com.br\\\/#\\\/schema\\\/logo\\\/image\\\/\",\"url\":\"https:\\\/\\\/araujopolicastro.com.br\\\/wp-content\\\/uploads\\\/2024\\\/07\\\/araujo-policastro-1.png\",\"contentUrl\":\"https:\\\/\\\/araujopolicastro.com.br\\\/wp-content\\\/uploads\\\/2024\\\/07\\\/araujo-policastro-1.png\",\"width\":435,\"height\":53,\"caption\":\"Ara\u00fajo e Policastro Advogados\"},\"image\":{\"@id\":\"https:\\\/\\\/araujopolicastro.com.br\\\/#\\\/schema\\\/logo\\\/image\\\/\"},\"sameAs\":[\"https:\\\/\\\/www.facebook.com\\\/araujopolicastro\",\"https:\\\/\\\/www.instagram.com\\\/araujoepolicastroadv\\\/\"]}]}<\/script>\n<!-- \/ Yoast SEO plugin. -->","yoast_head_json":{"title":"Home - Ara\u00fajo e Policastro Advogados","robots":{"index":"index","follow":"follow","max-snippet":"max-snippet:-1","max-image-preview":"max-image-preview:large","max-video-preview":"max-video-preview:-1"},"canonical":"https:\/\/araujopolicastro.com.br\/","og_locale":"en_US","og_type":"article","og_title":"Home - Ara\u00fajo e Policastro Advogados","og_url":"https:\/\/araujopolicastro.com.br\/","og_site_name":"Ara\u00fajo e Policastro Advogados","article_publisher":"https:\/\/www.facebook.com\/araujopolicastro","article_modified_time":"2024-08-17T02:08:48+00:00","og_image":[{"url":"https:\/\/araujopolicastro.com.br\/wp-content\/uploads\/2024\/08\/Logo_AP-2.jpg","type":"","width":"","height":""}],"twitter_card":"summary_large_image","schema":{"@context":"https:\/\/schema.org","@graph":[{"@type":"WebPage","@id":"https:\/\/araujopolicastro.com.br\/","url":"https:\/\/araujopolicastro.com.br\/","name":"Home - Ara\u00fajo e Policastro Advogados","isPartOf":{"@id":"https:\/\/araujopolicastro.com.br\/#website"},"datePublished":"2024-07-08T00:01:27+00:00","dateModified":"2024-08-17T02:08:48+00:00","breadcrumb":{"@id":"https:\/\/araujopolicastro.com.br\/#breadcrumb"},"inLanguage":"en-US","potentialAction":[{"@type":"ReadAction","target":["https:\/\/araujopolicastro.com.br\/"]}]},{"@type":"BreadcrumbList","@id":"https:\/\/araujopolicastro.com.br\/#breadcrumb","itemListElement":[{"@type":"ListItem","position":1,"name":"In\u00edcio","item":"https:\/\/araujopolicastro.com.br\/"},{"@type":"ListItem","position":2,"name":"Home"}]},{"@type":"WebSite","@id":"https:\/\/araujopolicastro.com.br\/#website","url":"https:\/\/araujopolicastro.com.br\/","name":"Ara\u00fajo e Policastro Advogados","description":"\u00c9 um dos mais conceituados escrit\u00f3rios de advocacia do Brasil, especializado em direito empresarial e internacional, com ampla experi\u00eancia e excel\u00eancia.","publisher":{"@id":"https:\/\/araujopolicastro.com.br\/#organization"},"potentialAction":[{"@type":"SearchAction","target":{"@type":"EntryPoint","urlTemplate":"https:\/\/araujopolicastro.com.br\/?s={search_term_string}"},"query-input":{"@type":"PropertyValueSpecification","valueRequired":true,"valueName":"search_term_string"}}],"inLanguage":"en-US"},{"@type":"Organization","@id":"https:\/\/araujopolicastro.com.br\/#organization","name":"Ara\u00fajo e Policastro Advogados","url":"https:\/\/araujopolicastro.com.br\/","logo":{"@type":"ImageObject","inLanguage":"en-US","@id":"https:\/\/araujopolicastro.com.br\/#\/schema\/logo\/image\/","url":"https:\/\/araujopolicastro.com.br\/wp-content\/uploads\/2024\/07\/araujo-policastro-1.png","contentUrl":"https:\/\/araujopolicastro.com.br\/wp-content\/uploads\/2024\/07\/araujo-policastro-1.png","width":435,"height":53,"caption":"Ara\u00fajo e Policastro Advogados"},"image":{"@id":"https:\/\/araujopolicastro.com.br\/#\/schema\/logo\/image\/"},"sameAs":["https:\/\/www.facebook.com\/araujopolicastro","https:\/\/www.instagram.com\/araujoepolicastroadv\/"]}]}},"_links":{"self":[{"href":"https:\/\/araujopolicastro.com.br\/en\/wp-json\/wp\/v2\/pages\/1590","targetHints":{"allow":["GET"]}}],"collection":[{"href":"https:\/\/araujopolicastro.com.br\/en\/wp-json\/wp\/v2\/pages"}],"about":[{"href":"https:\/\/araujopolicastro.com.br\/en\/wp-json\/wp\/v2\/types\/page"}],"author":[{"embeddable":true,"href":"https:\/\/araujopolicastro.com.br\/en\/wp-json\/wp\/v2\/users\/1"}],"replies":[{"embeddable":true,"href":"https:\/\/araujopolicastro.com.br\/en\/wp-json\/wp\/v2\/comments?post=1590"}],"version-history":[{"count":1,"href":"https:\/\/araujopolicastro.com.br\/en\/wp-json\/wp\/v2\/pages\/1590\/revisions"}],"predecessor-version":[{"id":1591,"href":"https:\/\/araujopolicastro.com.br\/en\/wp-json\/wp\/v2\/pages\/1590\/revisions\/1591"}],"wp:attachment":[{"href":"https:\/\/araujopolicastro.com.br\/en\/wp-json\/wp\/v2\/media?parent=1590"}],"curies":[{"name":"wp","href":"https:\/\/api.w.org\/{rel}","templated":true}]}}