{"id":2160,"date":"2024-07-07T21:03:31","date_gmt":"2024-07-08T00:03:31","guid":{"rendered":"https:\/\/araujopolicastro.com.br\/quem-somos\/"},"modified":"2026-04-16T11:53:35","modified_gmt":"2026-04-16T14:53:35","slug":"who-we-are","status":"publish","type":"page","link":"https:\/\/araujopolicastro.com.br\/en\/who-we-are\/","title":{"rendered":"Who we are"},"content":{"rendered":"\n<h2 class=\"wp-block-heading\">Hist\u00f3ria<\/h2>\n\n<p>O escrit\u00f3rio de\u00a0Ara\u00fajo e Policastro Advogados\u00a0est\u00e1 localizado na cidade de S\u00e3o Paulo, principal centro comercial e industrial da Am\u00e9rica Latina. Fundado em 1962,\u00a0Ara\u00fajo e Policastro Advogados\u00a0construiu sua reputa\u00e7\u00e3o como um dos mais conceituados escrit\u00f3rios de advocacia do Pa\u00eds, com reconhecida experi\u00eancia em diversas \u00e1reas do direito, destacando-se a sua extensa pr\u00e1tica na \u00e1rea empresarial e internacional.<\/p>\n\n<p>Ara\u00fajo e Policastro Advogados,\u00a0com ampla experi\u00eancia nas \u00e1reas\u00a0societ\u00e1ria e contenciosa, ao longo das d\u00e9cadas de 70, 80 e 90,\u00a0tornou-se um dos mais conceituados na advocacia internacional. Com o passar dos anos, diversificou sua advocacia, expandindo-se para outras \u00e1reas, incluindo telecomunica\u00e7\u00f5es, energia, petr\u00f3leo e g\u00e1s, banc\u00e1ria, financeira, t\u00edtulos e valores mobili\u00e1rios, privatiza\u00e7\u00f5es, propriedade intelectual, meio-ambiente e concorrencial.\u2028<\/p>\n\n<p>Os advogados de Ara\u00fajo e Policastro\u00a0receberam a melhor forma\u00e7\u00e3o nas universidades mais reconhecidas do Brasil, EUA e Europa, tendo muitos deles, inclusive, trabalhado em escrit\u00f3rios de advocacia em outros pa\u00edses. Desempenham a sua profiss\u00e3o em n\u00edveis de padr\u00f5es internacionais, podendo, assim, satisfazer os clientes de maneira r\u00e1pida e eficiente, assistindo-os e respondendo as suas consultas com precis\u00e3o e abrang\u00eancia.\u2028<\/p>\n\n<p>Fiel ao seu compromisso de prestar aos clientes servi\u00e7os personalizados e de alta qualidade, o escrit\u00f3rio expandiu-se ao mesmo tempo em que mantinha o seu perfil. A aten\u00e7\u00e3o pessoal e o direto envolvimento dos s\u00f3cios no exerc\u00edcio da advocacia t\u00eam sido um dos aspectos mais apreciados pelos seus clientes. O crescimento cuidadosamente planejado e a qualidade dos servi\u00e7os prestados redundaram na s\u00f3lida reputa\u00e7\u00e3o que sempre gozou perante as comunidades jur\u00eddica e empresarial, tanto brasileiras como internacionais.<\/p>\n\n<figure class=\"wp-block-image size-full\"><img loading=\"lazy\" decoding=\"async\" width=\"763\" height=\"510\" src=\"https:\/\/araujopolicastro.com.br\/wp-content\/uploads\/2024\/08\/quem-somos-2.png\" alt=\"\" class=\"wp-image-1809\" srcset=\"https:\/\/araujopolicastro.com.br\/wp-content\/uploads\/2024\/08\/quem-somos-2.png 763w, https:\/\/araujopolicastro.com.br\/wp-content\/uploads\/2024\/08\/quem-somos-2-300x201.png 300w\" sizes=\"auto, (max-width: 763px) 100vw, 763px\" \/><\/figure>\n\n<h2 class=\"wp-block-heading\">Princ\u00edpios e valores<\/h2>\n\n<p><strong>OS PRINC\u00cdPIOS QUE NOS GUIAM<\/strong><\/p>\n\n<p>Inspirado e guiado pelos princ\u00edpios abaixo, Ara\u00fajo e Policastro Advogados construiu sua reputa\u00e7\u00e3o como um dos mais conceituados escrit\u00f3rios de advocacia do Pa\u00eds, com reconhecida experi\u00eancia em diversas \u00e1reas do direito, destacando-se a sua extensa pr\u00e1tica na \u00e1rea empresarial e internacional.\u2028<\/p>\n\n<p>Ao longo de sua trajet\u00f3ria, os s\u00f3cios fundadores Jos\u00e9 Theodoro Alves de Ara\u00fajo e D\u00e9cio Policastro atingem seu objetivo inicial que continua hoje como a maior prioridade do escrit\u00f3rio: prestar aos seus clientes o mais qualificado servi\u00e7o jur\u00eddico.<br \/><mark class=\"has-inline-color has-cyan-bluish-gray-color\">Conhe\u00e7a os pilares que nos norteiam:\u2028\u2028<\/mark><\/p>\n\n<p><strong>EXCEL\u00caNCIA<\/strong><\/p>\n\n<p>\u2028Focados em efici\u00eancia e precis\u00e3o, queremos ser parte instrumental do sucesso de nossos clientes, por meio de aconselhamento jur\u00eddico da mais alta qualidade.\u2028<\/p>\n\n<p><strong>VIS\u00c3O GLOBAL<\/strong><\/p>\n\n<p>\u2028Realizamos a condu\u00e7\u00e3o dos temas conforme a expertise, mas sempre com a preocupa\u00e7\u00e3o em uma abordagem global, interdisciplinar, para maior amplitude e profundidade.\u2028<\/p>\n\n<p><strong>INOVA\u00c7\u00c3O\u2028<\/strong><\/p>\n\n<p>Aos conhecimentos e experi\u00eancias adquiridos, alinha-se uma advocacia empresarial em cont\u00ednua renova\u00e7\u00e3o, permitindo um assessoramento \u00e1gil e com solu\u00e7\u00f5es inovadoras.<\/p>\n\n<p><strong>ATENDIMENTO PESSOAL\u2028<\/strong><\/p>\n\n<p>Dentre os princ\u00edpios mais tradicionais de nossa cultura est\u00e1 a aten\u00e7\u00e3o pessoal e o envolvimento direto dos S\u00f3cios no exerc\u00edcio da advocacia.<\/p>\n\n<p><strong>\u00c9TICA<\/strong><\/p>\n\n<p>Somos comprometidos em prestar servi\u00e7os nos mais altos padr\u00f5es \u00e9ticos, em uma rela\u00e7\u00e3o de profundo respeito, honestidade e confidencialidade.<\/p>\n\n<figure class=\"wp-block-image size-full\"><img loading=\"lazy\" decoding=\"async\" width=\"763\" height=\"510\" src=\"https:\/\/araujopolicastro.com.br\/wp-content\/uploads\/2024\/08\/quem-somos-3.png\" alt=\"\" class=\"wp-image-1811\" srcset=\"https:\/\/araujopolicastro.com.br\/wp-content\/uploads\/2024\/08\/quem-somos-3.png 763w, https:\/\/araujopolicastro.com.br\/wp-content\/uploads\/2024\/08\/quem-somos-3-300x201.png 300w\" sizes=\"auto, (max-width: 763px) 100vw, 763px\" \/><\/figure>\n\n<p><strong>DIFEREN\u00c7AS N\u00c3O CRIAM BARREIRAS. CRIAM OPORTUNIDADES.<\/strong><\/p>\n\n<p>A diversidade, a inclus\u00e3o e a igualdade sempre estiveram presentes no dia a dia do escrit\u00f3rio. Atuando de forma \u00e9tica e respons\u00e1vel, estamos continuamente comprometidos para que todos se sintam respeitados e confort\u00e1veis.<br \/>Nosso ambiente de trabalho \u00e9 formado por uma equipe de alto desempenho \u2013 pessoas de diferentes origens e perspectivas de vida.\u2028<\/p>\n\n<p>Fundamental para o nosso sucesso, a diversidade \u00e9 uma for\u00e7a motriz para um ambiente coeso e inclusivo: ela nos torna melhores, atrai e ret\u00e9m os melhores talentos e estimula a inova\u00e7\u00e3o e a criatividade, dando-nos uma riqueza de diferentes vis\u00f5es e experi\u00eancias.\u2028<\/p>\n\n<p>Mais do que alicer\u00e7ar a\u00e7\u00f5es e diretrizes, nosso Programa de Diversidade busca transparecer um ide\u00e1rio de longa data: a promo\u00e7\u00e3o da justa equidade e o engajamento de todos da organiza\u00e7\u00e3o.\u2028<\/p>\n\n<p>O Programa de Diversidade espelha a nossa preocupa\u00e7\u00e3o em criar oportunidades para que todos, independentemente de g\u00eanero, ra\u00e7a, religi\u00e3o, cren\u00e7as, etnia, origem social, defici\u00eancia, idade, orienta\u00e7\u00e3o sexual ou quaisquer outras diferen\u00e7as, possam desenvolver plenamente o seu potencial.<\/p>\n\n<p><strong>\u2028O PAPEL E O ESPA\u00c7O DAS MULHERES<\/strong><\/p>\n\n<p>O papel das mulheres sempre foi destacado em nossa trajet\u00f3ria, tendo sempre uma participa\u00e7\u00e3o significativa (quando n\u00e3o preponderante) em nosso escrit\u00f3rio, nas mais diferentes frentes. Exemplo disso \u00e9 que, hoje, mais de 60% de nossos colaboradores s\u00e3o mulheres, ocupando posi\u00e7\u00f5es de lideran\u00e7a e respons\u00e1veis, inclusive, pela gest\u00e3o jur\u00eddica e administrativa de escrit\u00f3rio. 42% dos s\u00f3cios s\u00e3o mulheres.<\/p>\n\n<figure class=\"wp-block-image size-full\"><img loading=\"lazy\" decoding=\"async\" width=\"763\" height=\"510\" src=\"https:\/\/araujopolicastro.com.br\/wp-content\/uploads\/2024\/08\/quem-somos-4.png\" alt=\"\" class=\"wp-image-1814\" srcset=\"https:\/\/araujopolicastro.com.br\/wp-content\/uploads\/2024\/08\/quem-somos-4.png 763w, https:\/\/araujopolicastro.com.br\/wp-content\/uploads\/2024\/08\/quem-somos-4-300x201.png 300w\" sizes=\"auto, (max-width: 763px) 100vw, 763px\" \/><\/figure>\n\n<p><\/p>\n\n<p><strong>OS ADVOGADOS DE ARA\u00daJO E POLICASTRO S\u00c3O MEMBROS DE ASSOCIA\u00c7\u00d5ES E ENTIDADES COMO:<\/strong><\/p>\n\n<p class=\"has-text-color has-link-color wp-elements-ac8601905e646587dbd3a70c0b0df22a\" style=\"color:#828282\"><a href=\"http:\/\/www.oab.org.br\/\" data-type=\"link\" data-id=\"http:\/\/www.oab.org.br\/\">ORDEM DOS ADVOGADOS DO BRASIL \u2013 OAB<\/a><\/p>\n\n<p><a href=\"https:\/\/www.americanbar.org\/en\/\" data-type=\"link\" data-id=\"https:\/\/www.americanbar.org\/en\/\" target=\"_blank\" rel=\"noreferrer noopener\">AMERICAN BAR ASSOCIATION \u2013 ABA<\/a><\/p>\n\n<p><a data-type=\"link\" data-id=\"https:\/\/www.aasp.org.br\/\" href=\"https:\/\/www.aasp.org.br\/\">ASSOCIA\u00c7\u00c3O DOS ADVOGADOS DE S\u00c3O PAULO \u2013 AASP<\/a><\/p>\n\n<p>C\u00c2MARA AMERICANA DE COM\u00c9RCIO \u2013 AMCHAM-BRASIL<\/p>\n\n<p>CENTRO DE ESTUDOS DAS SOCIEDADES DE ADVOGADOS \u2013 CESA<\/p>\n\n<p>INSTITUTO BRASILEIRO DE DIREITO COMERCIAL COMPARADO TULLIO ASCARELLI<\/p>\n\n<p>INSTITUTO BRASILEIRO DE ESTUDOS DE CONCORR\u00caNCIA, CONSUMO E COM\u00c9RCIO INTERNACIONAL \u2013 IBRAC<\/p>\n\n<p>INSTITUTO BRASILEIRO DE ESTUDOS DO DIREITO DE ENERGIA \u2013 IBDE<\/p>\n\n<p>INSTITUTO BRASILEIRO DOS EXECUTIVOS DE FINAN\u00c7AS \u2013 IBEFE<\/p>\n\n<p>INSTITUTO DE ESTUDOS INTERDISCIPLINARES DE DIREITO DE FAM\u00cdLIA<\/p>\n\n<p>INSTITUTO DOS ADVOGADOS DE S\u00c3O PAULO \u2013 IASP<\/p>\n\n<p>INTERNATIONAL BAR ASSOCIATION \u2013 IBA<\/p>\n\n<p>NEXTLAW GLOBAL REFERRAL NETWORK<\/p>\n","protected":false},"excerpt":{"rendered":"<p>Hist\u00f3ria O escrit\u00f3rio de\u00a0Ara\u00fajo e Policastro Advogados\u00a0est\u00e1 localizado na cidade de S\u00e3o Paulo, principal centro comercial e industrial da Am\u00e9rica Latina. Fundado em 1962,\u00a0Ara\u00fajo e Policastro Advogados\u00a0construiu sua reputa\u00e7\u00e3o como um dos mais conceituados escrit\u00f3rios de advocacia do Pa\u00eds, com reconhecida experi\u00eancia em diversas \u00e1reas do direito, destacando-se a sua extensa pr\u00e1tica na \u00e1rea empresarial [&hellip;]<\/p>\n","protected":false},"author":1,"featured_media":1465,"parent":0,"menu_order":1,"comment_status":"closed","ping_status":"closed","template":"page-about.php","meta":{"_acf_changed":false,"footnotes":""},"class_list":["post-2160","page","type-page","status-publish","has-post-thumbnail","hentry"],"acf":[],"yoast_head":"<!-- This site is optimized with the Yoast SEO plugin v27.4 - https:\/\/yoast.com\/product\/yoast-seo-wordpress\/ -->\n<title>Who we are - Ara\u00fajo e Policastro Advogados<\/title>\n<meta name=\"robots\" content=\"index, follow, max-snippet:-1, max-image-preview:large, max-video-preview:-1\" \/>\n<link rel=\"canonical\" href=\"https:\/\/araujopolicastro.com.br\/en\/who-we-are\/\" \/>\n<meta property=\"og:locale\" content=\"en_US\" \/>\n<meta property=\"og:type\" content=\"article\" \/>\n<meta property=\"og:title\" content=\"Who we are - Ara\u00fajo e Policastro Advogados\" \/>\n<meta property=\"og:description\" content=\"Hist\u00f3ria O escrit\u00f3rio de\u00a0Ara\u00fajo e Policastro Advogados\u00a0est\u00e1 localizado na cidade de S\u00e3o Paulo, principal centro comercial e industrial da Am\u00e9rica Latina. Fundado em 1962,\u00a0Ara\u00fajo e Policastro Advogados\u00a0construiu sua reputa\u00e7\u00e3o como um dos mais conceituados escrit\u00f3rios de advocacia do Pa\u00eds, com reconhecida experi\u00eancia em diversas \u00e1reas do direito, destacando-se a sua extensa pr\u00e1tica na \u00e1rea empresarial [&hellip;]\" \/>\n<meta property=\"og:url\" content=\"https:\/\/araujopolicastro.com.br\/en\/who-we-are\/\" \/>\n<meta property=\"og:site_name\" content=\"Ara\u00fajo e Policastro Advogados\" \/>\n<meta property=\"article:publisher\" content=\"https:\/\/www.facebook.com\/araujopolicastro\" \/>\n<meta property=\"article:modified_time\" content=\"2026-04-16T14:53:35+00:00\" \/>\n<meta property=\"og:image\" content=\"https:\/\/araujopolicastro.com.br\/wp-content\/uploads\/2024\/08\/quem_somos.png\" \/>\n\t<meta property=\"og:image:width\" content=\"1145\" \/>\n\t<meta property=\"og:image:height\" content=\"764\" \/>\n\t<meta property=\"og:image:type\" content=\"image\/png\" \/>\n<meta name=\"twitter:card\" content=\"summary_large_image\" \/>\n<meta name=\"twitter:label1\" content=\"Est. reading time\" \/>\n\t<meta name=\"twitter:data1\" content=\"6 minutes\" \/>\n<script type=\"application\/ld+json\" class=\"yoast-schema-graph\">{\"@context\":\"https:\\\/\\\/schema.org\",\"@graph\":[{\"@type\":\"WebPage\",\"@id\":\"https:\\\/\\\/araujopolicastro.com.br\\\/en\\\/who-we-are\\\/\",\"url\":\"https:\\\/\\\/araujopolicastro.com.br\\\/en\\\/who-we-are\\\/\",\"name\":\"Who we are - Ara\u00fajo e Policastro Advogados\",\"isPartOf\":{\"@id\":\"https:\\\/\\\/araujopolicastro.com.br\\\/#website\"},\"primaryImageOfPage\":{\"@id\":\"https:\\\/\\\/araujopolicastro.com.br\\\/en\\\/who-we-are\\\/#primaryimage\"},\"image\":{\"@id\":\"https:\\\/\\\/araujopolicastro.com.br\\\/en\\\/who-we-are\\\/#primaryimage\"},\"thumbnailUrl\":\"https:\\\/\\\/araujopolicastro.com.br\\\/wp-content\\\/uploads\\\/2024\\\/08\\\/quem_somos.png\",\"datePublished\":\"2024-07-08T00:03:31+00:00\",\"dateModified\":\"2026-04-16T14:53:35+00:00\",\"breadcrumb\":{\"@id\":\"https:\\\/\\\/araujopolicastro.com.br\\\/en\\\/who-we-are\\\/#breadcrumb\"},\"inLanguage\":\"en-US\",\"potentialAction\":[{\"@type\":\"ReadAction\",\"target\":[\"https:\\\/\\\/araujopolicastro.com.br\\\/en\\\/who-we-are\\\/\"]}]},{\"@type\":\"ImageObject\",\"inLanguage\":\"en-US\",\"@id\":\"https:\\\/\\\/araujopolicastro.com.br\\\/en\\\/who-we-are\\\/#primaryimage\",\"url\":\"https:\\\/\\\/araujopolicastro.com.br\\\/wp-content\\\/uploads\\\/2024\\\/08\\\/quem_somos.png\",\"contentUrl\":\"https:\\\/\\\/araujopolicastro.com.br\\\/wp-content\\\/uploads\\\/2024\\\/08\\\/quem_somos.png\",\"width\":1145,\"height\":764},{\"@type\":\"BreadcrumbList\",\"@id\":\"https:\\\/\\\/araujopolicastro.com.br\\\/en\\\/who-we-are\\\/#breadcrumb\",\"itemListElement\":[{\"@type\":\"ListItem\",\"position\":1,\"name\":\"In\u00edcio\",\"item\":\"https:\\\/\\\/araujopolicastro.com.br\\\/\"},{\"@type\":\"ListItem\",\"position\":2,\"name\":\"Who we are\"}]},{\"@type\":\"WebSite\",\"@id\":\"https:\\\/\\\/araujopolicastro.com.br\\\/#website\",\"url\":\"https:\\\/\\\/araujopolicastro.com.br\\\/\",\"name\":\"Ara\u00fajo e Policastro Advogados\",\"description\":\"\u00c9 um dos mais conceituados escrit\u00f3rios de advocacia do Brasil, especializado em direito empresarial e internacional, com ampla experi\u00eancia e excel\u00eancia.\",\"publisher\":{\"@id\":\"https:\\\/\\\/araujopolicastro.com.br\\\/#organization\"},\"potentialAction\":[{\"@type\":\"SearchAction\",\"target\":{\"@type\":\"EntryPoint\",\"urlTemplate\":\"https:\\\/\\\/araujopolicastro.com.br\\\/?s={search_term_string}\"},\"query-input\":{\"@type\":\"PropertyValueSpecification\",\"valueRequired\":true,\"valueName\":\"search_term_string\"}}],\"inLanguage\":\"en-US\"},{\"@type\":\"Organization\",\"@id\":\"https:\\\/\\\/araujopolicastro.com.br\\\/#organization\",\"name\":\"Ara\u00fajo e Policastro Advogados\",\"url\":\"https:\\\/\\\/araujopolicastro.com.br\\\/\",\"logo\":{\"@type\":\"ImageObject\",\"inLanguage\":\"en-US\",\"@id\":\"https:\\\/\\\/araujopolicastro.com.br\\\/#\\\/schema\\\/logo\\\/image\\\/\",\"url\":\"https:\\\/\\\/araujopolicastro.com.br\\\/wp-content\\\/uploads\\\/2024\\\/07\\\/araujo-policastro-1.png\",\"contentUrl\":\"https:\\\/\\\/araujopolicastro.com.br\\\/wp-content\\\/uploads\\\/2024\\\/07\\\/araujo-policastro-1.png\",\"width\":435,\"height\":53,\"caption\":\"Ara\u00fajo e Policastro Advogados\"},\"image\":{\"@id\":\"https:\\\/\\\/araujopolicastro.com.br\\\/#\\\/schema\\\/logo\\\/image\\\/\"},\"sameAs\":[\"https:\\\/\\\/www.facebook.com\\\/araujopolicastro\",\"https:\\\/\\\/www.instagram.com\\\/araujoepolicastroadv\\\/\"]}]}<\/script>\n<!-- \/ Yoast SEO plugin. -->","yoast_head_json":{"title":"Who we are - Ara\u00fajo e Policastro Advogados","robots":{"index":"index","follow":"follow","max-snippet":"max-snippet:-1","max-image-preview":"max-image-preview:large","max-video-preview":"max-video-preview:-1"},"canonical":"https:\/\/araujopolicastro.com.br\/en\/who-we-are\/","og_locale":"en_US","og_type":"article","og_title":"Who we are - Ara\u00fajo e Policastro Advogados","og_description":"Hist\u00f3ria O escrit\u00f3rio de\u00a0Ara\u00fajo e Policastro Advogados\u00a0est\u00e1 localizado na cidade de S\u00e3o Paulo, principal centro comercial e industrial da Am\u00e9rica Latina. Fundado em 1962,\u00a0Ara\u00fajo e Policastro Advogados\u00a0construiu sua reputa\u00e7\u00e3o como um dos mais conceituados escrit\u00f3rios de advocacia do Pa\u00eds, com reconhecida experi\u00eancia em diversas \u00e1reas do direito, destacando-se a sua extensa pr\u00e1tica na \u00e1rea empresarial [&hellip;]","og_url":"https:\/\/araujopolicastro.com.br\/en\/who-we-are\/","og_site_name":"Ara\u00fajo e Policastro Advogados","article_publisher":"https:\/\/www.facebook.com\/araujopolicastro","article_modified_time":"2026-04-16T14:53:35+00:00","og_image":[{"width":1145,"height":764,"url":"https:\/\/araujopolicastro.com.br\/wp-content\/uploads\/2024\/08\/quem_somos.png","type":"image\/png"}],"twitter_card":"summary_large_image","twitter_misc":{"Est. reading time":"6 minutes"},"schema":{"@context":"https:\/\/schema.org","@graph":[{"@type":"WebPage","@id":"https:\/\/araujopolicastro.com.br\/en\/who-we-are\/","url":"https:\/\/araujopolicastro.com.br\/en\/who-we-are\/","name":"Who we are - Ara\u00fajo e Policastro Advogados","isPartOf":{"@id":"https:\/\/araujopolicastro.com.br\/#website"},"primaryImageOfPage":{"@id":"https:\/\/araujopolicastro.com.br\/en\/who-we-are\/#primaryimage"},"image":{"@id":"https:\/\/araujopolicastro.com.br\/en\/who-we-are\/#primaryimage"},"thumbnailUrl":"https:\/\/araujopolicastro.com.br\/wp-content\/uploads\/2024\/08\/quem_somos.png","datePublished":"2024-07-08T00:03:31+00:00","dateModified":"2026-04-16T14:53:35+00:00","breadcrumb":{"@id":"https:\/\/araujopolicastro.com.br\/en\/who-we-are\/#breadcrumb"},"inLanguage":"en-US","potentialAction":[{"@type":"ReadAction","target":["https:\/\/araujopolicastro.com.br\/en\/who-we-are\/"]}]},{"@type":"ImageObject","inLanguage":"en-US","@id":"https:\/\/araujopolicastro.com.br\/en\/who-we-are\/#primaryimage","url":"https:\/\/araujopolicastro.com.br\/wp-content\/uploads\/2024\/08\/quem_somos.png","contentUrl":"https:\/\/araujopolicastro.com.br\/wp-content\/uploads\/2024\/08\/quem_somos.png","width":1145,"height":764},{"@type":"BreadcrumbList","@id":"https:\/\/araujopolicastro.com.br\/en\/who-we-are\/#breadcrumb","itemListElement":[{"@type":"ListItem","position":1,"name":"In\u00edcio","item":"https:\/\/araujopolicastro.com.br\/"},{"@type":"ListItem","position":2,"name":"Who we are"}]},{"@type":"WebSite","@id":"https:\/\/araujopolicastro.com.br\/#website","url":"https:\/\/araujopolicastro.com.br\/","name":"Ara\u00fajo e Policastro Advogados","description":"\u00c9 um dos mais conceituados escrit\u00f3rios de advocacia do Brasil, especializado em direito empresarial e internacional, com ampla experi\u00eancia e excel\u00eancia.","publisher":{"@id":"https:\/\/araujopolicastro.com.br\/#organization"},"potentialAction":[{"@type":"SearchAction","target":{"@type":"EntryPoint","urlTemplate":"https:\/\/araujopolicastro.com.br\/?s={search_term_string}"},"query-input":{"@type":"PropertyValueSpecification","valueRequired":true,"valueName":"search_term_string"}}],"inLanguage":"en-US"},{"@type":"Organization","@id":"https:\/\/araujopolicastro.com.br\/#organization","name":"Ara\u00fajo e Policastro Advogados","url":"https:\/\/araujopolicastro.com.br\/","logo":{"@type":"ImageObject","inLanguage":"en-US","@id":"https:\/\/araujopolicastro.com.br\/#\/schema\/logo\/image\/","url":"https:\/\/araujopolicastro.com.br\/wp-content\/uploads\/2024\/07\/araujo-policastro-1.png","contentUrl":"https:\/\/araujopolicastro.com.br\/wp-content\/uploads\/2024\/07\/araujo-policastro-1.png","width":435,"height":53,"caption":"Ara\u00fajo e Policastro Advogados"},"image":{"@id":"https:\/\/araujopolicastro.com.br\/#\/schema\/logo\/image\/"},"sameAs":["https:\/\/www.facebook.com\/araujopolicastro","https:\/\/www.instagram.com\/araujoepolicastroadv\/"]}]}},"_links":{"self":[{"href":"https:\/\/araujopolicastro.com.br\/en\/wp-json\/wp\/v2\/pages\/2160","targetHints":{"allow":["GET"]}}],"collection":[{"href":"https:\/\/araujopolicastro.com.br\/en\/wp-json\/wp\/v2\/pages"}],"about":[{"href":"https:\/\/araujopolicastro.com.br\/en\/wp-json\/wp\/v2\/types\/page"}],"author":[{"embeddable":true,"href":"https:\/\/araujopolicastro.com.br\/en\/wp-json\/wp\/v2\/users\/1"}],"replies":[{"embeddable":true,"href":"https:\/\/araujopolicastro.com.br\/en\/wp-json\/wp\/v2\/comments?post=2160"}],"version-history":[{"count":4,"href":"https:\/\/araujopolicastro.com.br\/en\/wp-json\/wp\/v2\/pages\/2160\/revisions"}],"predecessor-version":[{"id":4812,"href":"https:\/\/araujopolicastro.com.br\/en\/wp-json\/wp\/v2\/pages\/2160\/revisions\/4812"}],"wp:featuredmedia":[{"embeddable":true,"href":"https:\/\/araujopolicastro.com.br\/en\/wp-json\/wp\/v2\/media\/1465"}],"wp:attachment":[{"href":"https:\/\/araujopolicastro.com.br\/en\/wp-json\/wp\/v2\/media?parent=2160"}],"curies":[{"name":"wp","href":"https:\/\/api.w.org\/{rel}","templated":true}]}}