{"id":2642,"date":"2024-07-07T21:04:48","date_gmt":"2024-07-08T00:04:48","guid":{"rendered":"https:\/\/araujopolicastro.com.br\/localizacao\/"},"modified":"2024-08-30T22:25:04","modified_gmt":"2024-08-31T01:25:04","slug":"localizacao","status":"publish","type":"page","link":"https:\/\/araujopolicastro.com.br\/en\/localizacao\/","title":{"rendered":"Contato &#8211; Localizacao"},"content":{"rendered":"\n<div class=\"iframe-responsive\">\n<iframe src=\"https:\/\/www.google.com\/maps\/embed?pb=!1m14!1m8!1m3!1d14625.83667720888!2d-46.680382!3d-23.58786!3m2!1i1024!2i768!4f13.1!3m3!1m2!1s0x94ce5744a68d1e9b%3A0x7d2308d2a3d8a8b4!2sEdif%C3%ADcio%20New%20Century!5e0!3m2!1spt-BR!2sbr!4v1724683385730!5m2!1spt-BR!2sbr\" width=\"600\" height=\"200\" style=\"border:0;\" allowfullscreen=\"\" loading=\"lazy\" referrerpolicy=\"no-referrer-when-downgrade\"><\/iframe>\n<\/div>\n<style>.iframe-responsive  {\nposition: relative;\npadding-bottom: 56.25%;\nheight: 0;\noverflow: hidden;\n}\n.iframe-responsive iframe {\nposition: absolute;\ntop: 0;\nleft: 0;\nwidth: 100%;\nheight: 140%;\n}<\/style>\n","protected":false},"excerpt":{"rendered":"","protected":false},"author":1,"featured_media":0,"parent":0,"menu_order":5,"comment_status":"closed","ping_status":"closed","template":"page-contact.php","meta":{"_acf_changed":false,"footnotes":""},"class_list":["post-2642","page","type-page","status-publish","hentry"],"acf":[],"yoast_head":"<!-- This site is optimized with the Yoast SEO plugin v27.4 - https:\/\/yoast.com\/product\/yoast-seo-wordpress\/ -->\n<title>Contato - Localizacao - Ara\u00fajo e Policastro Advogados<\/title>\n<meta name=\"robots\" content=\"index, follow, max-snippet:-1, max-image-preview:large, max-video-preview:-1\" \/>\n<link rel=\"canonical\" href=\"https:\/\/araujopolicastro.com.br\/en\/localizacao\/\" \/>\n<meta property=\"og:locale\" content=\"en_US\" \/>\n<meta property=\"og:type\" content=\"article\" \/>\n<meta property=\"og:title\" content=\"Contato - Localizacao - Ara\u00fajo e Policastro Advogados\" \/>\n<meta property=\"og:url\" content=\"https:\/\/araujopolicastro.com.br\/en\/localizacao\/\" \/>\n<meta property=\"og:site_name\" content=\"Ara\u00fajo e Policastro Advogados\" \/>\n<meta property=\"article:publisher\" content=\"https:\/\/www.facebook.com\/araujopolicastro\" \/>\n<meta property=\"article:modified_time\" content=\"2024-08-31T01:25:04+00:00\" \/>\n<meta name=\"twitter:card\" content=\"summary_large_image\" \/>\n<script type=\"application\/ld+json\" class=\"yoast-schema-graph\">{\"@context\":\"https:\\\/\\\/schema.org\",\"@graph\":[{\"@type\":\"WebPage\",\"@id\":\"https:\\\/\\\/araujopolicastro.com.br\\\/en\\\/localizacao\\\/\",\"url\":\"https:\\\/\\\/araujopolicastro.com.br\\\/en\\\/localizacao\\\/\",\"name\":\"Contato - Localizacao - Ara\u00fajo e Policastro Advogados\",\"isPartOf\":{\"@id\":\"https:\\\/\\\/araujopolicastro.com.br\\\/#website\"},\"datePublished\":\"2024-07-08T00:04:48+00:00\",\"dateModified\":\"2024-08-31T01:25:04+00:00\",\"breadcrumb\":{\"@id\":\"https:\\\/\\\/araujopolicastro.com.br\\\/en\\\/localizacao\\\/#breadcrumb\"},\"inLanguage\":\"en-US\",\"potentialAction\":[{\"@type\":\"ReadAction\",\"target\":[\"https:\\\/\\\/araujopolicastro.com.br\\\/en\\\/localizacao\\\/\"]}]},{\"@type\":\"BreadcrumbList\",\"@id\":\"https:\\\/\\\/araujopolicastro.com.br\\\/en\\\/localizacao\\\/#breadcrumb\",\"itemListElement\":[{\"@type\":\"ListItem\",\"position\":1,\"name\":\"In\u00edcio\",\"item\":\"https:\\\/\\\/araujopolicastro.com.br\\\/\"},{\"@type\":\"ListItem\",\"position\":2,\"name\":\"Contato &#8211; Localizacao\"}]},{\"@type\":\"WebSite\",\"@id\":\"https:\\\/\\\/araujopolicastro.com.br\\\/#website\",\"url\":\"https:\\\/\\\/araujopolicastro.com.br\\\/\",\"name\":\"Ara\u00fajo e Policastro Advogados\",\"description\":\"\u00c9 um dos mais conceituados escrit\u00f3rios de advocacia do Brasil, especializado em direito empresarial e internacional, com ampla experi\u00eancia e excel\u00eancia.\",\"publisher\":{\"@id\":\"https:\\\/\\\/araujopolicastro.com.br\\\/#organization\"},\"potentialAction\":[{\"@type\":\"SearchAction\",\"target\":{\"@type\":\"EntryPoint\",\"urlTemplate\":\"https:\\\/\\\/araujopolicastro.com.br\\\/?s={search_term_string}\"},\"query-input\":{\"@type\":\"PropertyValueSpecification\",\"valueRequired\":true,\"valueName\":\"search_term_string\"}}],\"inLanguage\":\"en-US\"},{\"@type\":\"Organization\",\"@id\":\"https:\\\/\\\/araujopolicastro.com.br\\\/#organization\",\"name\":\"Ara\u00fajo e Policastro Advogados\",\"url\":\"https:\\\/\\\/araujopolicastro.com.br\\\/\",\"logo\":{\"@type\":\"ImageObject\",\"inLanguage\":\"en-US\",\"@id\":\"https:\\\/\\\/araujopolicastro.com.br\\\/#\\\/schema\\\/logo\\\/image\\\/\",\"url\":\"https:\\\/\\\/araujopolicastro.com.br\\\/wp-content\\\/uploads\\\/2024\\\/07\\\/araujo-policastro-1.png\",\"contentUrl\":\"https:\\\/\\\/araujopolicastro.com.br\\\/wp-content\\\/uploads\\\/2024\\\/07\\\/araujo-policastro-1.png\",\"width\":435,\"height\":53,\"caption\":\"Ara\u00fajo e Policastro Advogados\"},\"image\":{\"@id\":\"https:\\\/\\\/araujopolicastro.com.br\\\/#\\\/schema\\\/logo\\\/image\\\/\"},\"sameAs\":[\"https:\\\/\\\/www.facebook.com\\\/araujopolicastro\",\"https:\\\/\\\/www.instagram.com\\\/araujoepolicastroadv\\\/\"]}]}<\/script>\n<!-- \/ Yoast SEO plugin. -->","yoast_head_json":{"title":"Contato - Localizacao - Ara\u00fajo e Policastro Advogados","robots":{"index":"index","follow":"follow","max-snippet":"max-snippet:-1","max-image-preview":"max-image-preview:large","max-video-preview":"max-video-preview:-1"},"canonical":"https:\/\/araujopolicastro.com.br\/en\/localizacao\/","og_locale":"en_US","og_type":"article","og_title":"Contato - Localizacao - Ara\u00fajo e Policastro Advogados","og_url":"https:\/\/araujopolicastro.com.br\/en\/localizacao\/","og_site_name":"Ara\u00fajo e Policastro Advogados","article_publisher":"https:\/\/www.facebook.com\/araujopolicastro","article_modified_time":"2024-08-31T01:25:04+00:00","twitter_card":"summary_large_image","schema":{"@context":"https:\/\/schema.org","@graph":[{"@type":"WebPage","@id":"https:\/\/araujopolicastro.com.br\/en\/localizacao\/","url":"https:\/\/araujopolicastro.com.br\/en\/localizacao\/","name":"Contato - Localizacao - Ara\u00fajo e Policastro Advogados","isPartOf":{"@id":"https:\/\/araujopolicastro.com.br\/#website"},"datePublished":"2024-07-08T00:04:48+00:00","dateModified":"2024-08-31T01:25:04+00:00","breadcrumb":{"@id":"https:\/\/araujopolicastro.com.br\/en\/localizacao\/#breadcrumb"},"inLanguage":"en-US","potentialAction":[{"@type":"ReadAction","target":["https:\/\/araujopolicastro.com.br\/en\/localizacao\/"]}]},{"@type":"BreadcrumbList","@id":"https:\/\/araujopolicastro.com.br\/en\/localizacao\/#breadcrumb","itemListElement":[{"@type":"ListItem","position":1,"name":"In\u00edcio","item":"https:\/\/araujopolicastro.com.br\/"},{"@type":"ListItem","position":2,"name":"Contato &#8211; Localizacao"}]},{"@type":"WebSite","@id":"https:\/\/araujopolicastro.com.br\/#website","url":"https:\/\/araujopolicastro.com.br\/","name":"Ara\u00fajo e Policastro Advogados","description":"\u00c9 um dos mais conceituados escrit\u00f3rios de advocacia do Brasil, especializado em direito empresarial e internacional, com ampla experi\u00eancia e excel\u00eancia.","publisher":{"@id":"https:\/\/araujopolicastro.com.br\/#organization"},"potentialAction":[{"@type":"SearchAction","target":{"@type":"EntryPoint","urlTemplate":"https:\/\/araujopolicastro.com.br\/?s={search_term_string}"},"query-input":{"@type":"PropertyValueSpecification","valueRequired":true,"valueName":"search_term_string"}}],"inLanguage":"en-US"},{"@type":"Organization","@id":"https:\/\/araujopolicastro.com.br\/#organization","name":"Ara\u00fajo e Policastro Advogados","url":"https:\/\/araujopolicastro.com.br\/","logo":{"@type":"ImageObject","inLanguage":"en-US","@id":"https:\/\/araujopolicastro.com.br\/#\/schema\/logo\/image\/","url":"https:\/\/araujopolicastro.com.br\/wp-content\/uploads\/2024\/07\/araujo-policastro-1.png","contentUrl":"https:\/\/araujopolicastro.com.br\/wp-content\/uploads\/2024\/07\/araujo-policastro-1.png","width":435,"height":53,"caption":"Ara\u00fajo e Policastro Advogados"},"image":{"@id":"https:\/\/araujopolicastro.com.br\/#\/schema\/logo\/image\/"},"sameAs":["https:\/\/www.facebook.com\/araujopolicastro","https:\/\/www.instagram.com\/araujoepolicastroadv\/"]}]}},"_links":{"self":[{"href":"https:\/\/araujopolicastro.com.br\/en\/wp-json\/wp\/v2\/pages\/2642","targetHints":{"allow":["GET"]}}],"collection":[{"href":"https:\/\/araujopolicastro.com.br\/en\/wp-json\/wp\/v2\/pages"}],"about":[{"href":"https:\/\/araujopolicastro.com.br\/en\/wp-json\/wp\/v2\/types\/page"}],"author":[{"embeddable":true,"href":"https:\/\/araujopolicastro.com.br\/en\/wp-json\/wp\/v2\/users\/1"}],"replies":[{"embeddable":true,"href":"https:\/\/araujopolicastro.com.br\/en\/wp-json\/wp\/v2\/comments?post=2642"}],"version-history":[{"count":1,"href":"https:\/\/araujopolicastro.com.br\/en\/wp-json\/wp\/v2\/pages\/2642\/revisions"}],"predecessor-version":[{"id":2645,"href":"https:\/\/araujopolicastro.com.br\/en\/wp-json\/wp\/v2\/pages\/2642\/revisions\/2645"}],"wp:attachment":[{"href":"https:\/\/araujopolicastro.com.br\/en\/wp-json\/wp\/v2\/media?parent=2642"}],"curies":[{"name":"wp","href":"https:\/\/api.w.org\/{rel}","templated":true}]}}