{"id":2654,"date":"2024-07-07T21:04:31","date_gmt":"2024-07-08T00:04:31","guid":{"rendered":"https:\/\/araujopolicastro.com.br\/trabalhe-conosco\/"},"modified":"2024-08-30T22:32:37","modified_gmt":"2024-08-31T01:32:37","slug":"trabalhe-conosco","status":"publish","type":"page","link":"https:\/\/araujopolicastro.com.br\/en\/trabalhe-conosco\/","title":{"rendered":"Contato &#8211; Trabalhe conosco"},"content":{"rendered":"\n<p class=\"has-text-align-center\">We value the potential of our employees and invest in our talents. Come and be part of our team. If you have a LinkedIn profile, please be sure to include it.<\/p>\n\n\n\n<div class=\"wp-block-contact-form-7-contact-form-selector\">\n<div class=\"wpcf7 no-js\" id=\"wpcf7-f2640-o1\" lang=\"en-US\" dir=\"ltr\" data-wpcf7-id=\"2640\">\n<div class=\"screen-reader-response\"><p role=\"status\" aria-live=\"polite\" aria-atomic=\"true\"><\/p> <ul><\/ul><\/div>\n<form action=\"\/en\/wp-json\/wp\/v2\/pages\/2654#wpcf7-f2640-o1\" method=\"post\" class=\"wpcf7-form init\" aria-label=\"Contact form\" enctype=\"multipart\/form-data\" novalidate=\"novalidate\" data-status=\"init\">\n<fieldset class=\"hidden-fields-container\"><input type=\"hidden\" name=\"_wpcf7\" value=\"2640\" \/><input type=\"hidden\" name=\"_wpcf7_version\" value=\"6.1.5\" \/><input type=\"hidden\" name=\"_wpcf7_locale\" value=\"en_US\" \/><input type=\"hidden\" name=\"_wpcf7_unit_tag\" value=\"wpcf7-f2640-o1\" \/><input type=\"hidden\" name=\"_wpcf7_container_post\" value=\"0\" \/><input type=\"hidden\" name=\"_wpcf7_posted_data_hash\" value=\"\" \/>\n<\/fieldset>\n<div class=\"row\">\n\t<div class=\"col-12\">\n\t\t<div class=\"mb-3\">\n\t\t\t<p><span class=\"wpcf7-form-control-wrap\" data-name=\"tc-option\"><select class=\"wpcf7-form-control wpcf7-select wpcf7-validates-as-required form-select\" id=\"tc-option\" aria-required=\"true\" aria-invalid=\"false\" name=\"tc-option\"><option value=\"Administrative\">Administrative<\/option><option value=\"Legal\">Legal<\/option><\/select><\/span>\n\t\t\t<\/p>\n\t\t<\/div>\n\t<\/div>\n<\/div>\n<div id=\"form-tc-position\" class=\"row d-none\">\n\t<div class=\"col-12\">\n\t\t<div class=\"mb-3\">\n\t\t\t<p><span class=\"wpcf7-form-control-wrap\" data-name=\"tc-position\"><span class=\"wpcf7-form-control wpcf7-checkbox\" id=\"tc-position\"><span class=\"wpcf7-list-item first\"><label><input type=\"checkbox\" name=\"tc-position[]\" value=\"Lawyer\" \/><span class=\"wpcf7-list-item-label\">Lawyer<\/span><\/label><\/span><span class=\"wpcf7-list-item last\"><label><input type=\"checkbox\" name=\"tc-position[]\" value=\"Trainee\" \/><span class=\"wpcf7-list-item-label\">Trainee<\/span><\/label><\/span><\/span><\/span>\n\t\t\t<\/p>\n\t\t<\/div>\n\t<\/div>\n<\/div>\n<div id=\"form-tc-expertise\" class=\"row mt-2 d-none\">\n\t<div class=\"col-12\">\n\t\t<div class=\"d-flex justify-content-center\">\n\t\t\t<p>Expertise:\n\t\t\t<\/p>\n\t\t<\/div>\n\t<\/div>\n\t<div class=\"col-12\">\n\t\t<div class=\"mb-3\">\n\t\t\t<p><span class=\"wpcf7-form-control-wrap\" data-name=\"tc-expertise\"><span class=\"wpcf7-form-control wpcf7-checkbox\" id=\"tc-expertise\"><span class=\"wpcf7-list-item first\"><label><input type=\"checkbox\" name=\"tc-expertise[]\" value=\"Business\" \/><span class=\"wpcf7-list-item-label\">Business<\/span><\/label><\/span><span class=\"wpcf7-list-item\"><label><input type=\"checkbox\" name=\"tc-expertise[]\" value=\"Energy\" \/><span class=\"wpcf7-list-item-label\">Energy<\/span><\/label><\/span><span class=\"wpcf7-list-item\"><label><input type=\"checkbox\" name=\"tc-expertise[]\" value=\"Environmental and Sustainability\" \/><span class=\"wpcf7-list-item-label\">Environmental and Sustainability<\/span><\/label><\/span><span class=\"wpcf7-list-item\"><label><input type=\"checkbox\" name=\"tc-expertise[]\" value=\"Competition and Commercial Defense\" \/><span class=\"wpcf7-list-item-label\">Competition and Commercial Defense<\/span><\/label><\/span><span class=\"wpcf7-list-item\"><label><input type=\"checkbox\" name=\"tc-expertise[]\" value=\"Financial Market\" \/><span class=\"wpcf7-list-item-label\">Financial Market<\/span><\/label><\/span><span class=\"wpcf7-list-item\"><label><input type=\"checkbox\" name=\"tc-expertise[]\" value=\"Litigation and Arbitration\" \/><span class=\"wpcf7-list-item-label\">Litigation and Arbitration<\/span><\/label><\/span><span class=\"wpcf7-list-item\"><label><input type=\"checkbox\" name=\"tc-expertise[]\" value=\"Intellectual Property and IT\" \/><span class=\"wpcf7-list-item-label\">Intellectual Property and IT<\/span><\/label><\/span><span class=\"wpcf7-list-item\"><label><input type=\"checkbox\" name=\"tc-expertise[]\" value=\"Real Estate\" \/><span class=\"wpcf7-list-item-label\">Real Estate<\/span><\/label><\/span><span class=\"wpcf7-list-item\"><label><input type=\"checkbox\" name=\"tc-expertise[]\" value=\"Infrastructure, Regulatory, and Administrative Law\" \/><span class=\"wpcf7-list-item-label\">Infrastructure, Regulatory, and Administrative Law<\/span><\/label><\/span><span class=\"wpcf7-list-item\"><label><input type=\"checkbox\" name=\"tc-expertise[]\" value=\"Labor\" \/><span class=\"wpcf7-list-item-label\">Labor<\/span><\/label><\/span><span class=\"wpcf7-list-item\"><label><input type=\"checkbox\" name=\"tc-expertise[]\" value=\"Foreign Trade\" \/><span class=\"wpcf7-list-item-label\">Foreign Trade<\/span><\/label><\/span><span class=\"wpcf7-list-item\"><label><input type=\"checkbox\" name=\"tc-expertise[]\" value=\"Family and Succession\" \/><span class=\"wpcf7-list-item-label\">Family and Succession<\/span><\/label><\/span><span class=\"wpcf7-list-item\"><label><input type=\"checkbox\" name=\"tc-expertise[]\" value=\"Tax\" \/><span class=\"wpcf7-list-item-label\">Tax<\/span><\/label><\/span><span class=\"wpcf7-list-item\"><label><input type=\"checkbox\" name=\"tc-expertise[]\" value=\"Sports and Entertainment\" \/><span class=\"wpcf7-list-item-label\">Sports and Entertainment<\/span><\/label><\/span><span class=\"wpcf7-list-item\"><label><input type=\"checkbox\" name=\"tc-expertise[]\" value=\"Third Sector\" \/><span class=\"wpcf7-list-item-label\">Third Sector<\/span><\/label><\/span><span class=\"wpcf7-list-item\"><label><input type=\"checkbox\" name=\"tc-expertise[]\" value=\"Civil Liability\" \/><span class=\"wpcf7-list-item-label\">Civil Liability<\/span><\/label><\/span><span class=\"wpcf7-list-item last\"><label><input type=\"checkbox\" name=\"tc-expertise[]\" value=\"I have no interest in a specific area\" \/><span class=\"wpcf7-list-item-label\">I have no interest in a specific area<\/span><\/label><\/span><\/span><\/span>\n\t\t\t<\/p>\n\t\t<\/div>\n\t<\/div>\n<\/div>\n<div class=\"row\">\n\t<div class=\"col-12\">\n\t\t<div class=\"mb-3\">\n\t\t\t<p><span class=\"wpcf7-form-control-wrap\" data-name=\"tc-name\"><input size=\"40\" maxlength=\"400\" class=\"wpcf7-form-control wpcf7-text wpcf7-validates-as-required form-control\" aria-required=\"true\" aria-invalid=\"false\" placeholder=\"Name\" value=\"\" type=\"text\" name=\"tc-name\" \/><\/span>\n\t\t\t<\/p>\n\t\t<\/div>\n\t<\/div>\n<\/div>\n<div class=\"row\">\n\t<div class=\"col-12\">\n\t\t<div class=\"mb-3\">\n\t\t\t<p><span class=\"wpcf7-form-control-wrap\" data-name=\"tc-email\"><input size=\"40\" maxlength=\"400\" class=\"wpcf7-form-control wpcf7-email wpcf7-validates-as-required wpcf7-text wpcf7-validates-as-email form-control\" aria-required=\"true\" aria-invalid=\"false\" placeholder=\"E-mail\" value=\"\" type=\"email\" name=\"tc-email\" \/><\/span>\n\t\t\t<\/p>\n\t\t<\/div>\n\t<\/div>\n<\/div>\n<div class=\"row\">\n\t<div class=\"col-12\">\n\t\t<div class=\"mb-3\">\n\t\t\t<p><span class=\"wpcf7-form-control-wrap\" data-name=\"tc-birthday\"><input class=\"wpcf7-form-control wpcf7-date wpcf7-validates-as-required wpcf7-validates-as-date form-control\" aria-required=\"true\" aria-invalid=\"false\" placeholder=\"Birthday\" value=\"\" type=\"date\" name=\"tc-birthday\" \/><\/span>\n\t\t\t<\/p>\n\t\t<\/div>\n\t<\/div>\n<\/div>\n<div class=\"row\">\n\t<div class=\"col-12\">\n\t\t<div class=\"mb-3\">\n\t\t\t<p><span class=\"wpcf7-form-control-wrap\" data-name=\"tc-linkedin\"><input size=\"40\" maxlength=\"400\" class=\"wpcf7-form-control wpcf7-text wpcf7-validates-as-required form-control\" aria-required=\"true\" aria-invalid=\"false\" placeholder=\"Linkedin Profile\" value=\"\" type=\"text\" name=\"tc-linkedin\" \/><\/span>\n\t\t\t<\/p>\n\t\t<\/div>\n\t<\/div>\n<\/div>\n<div class=\"row\">\n\t<div class=\"col-12\">\n\t\t<div class=\"mb-3\">\n\t\t\t<p><span class=\"wpcf7-form-control-wrap\" data-name=\"tc-file\"><input size=\"40\" class=\"wpcf7-form-control wpcf7-file wpcf7-validates-as-required\" id=\"tc-file\" accept=\".doc,.docx,.pdf\" aria-required=\"true\" aria-invalid=\"false\" type=\"file\" name=\"tc-file\" \/><\/span>\n\t\t\t<\/p>\n\t\t<\/div>\n\t<\/div>\n<\/div>\n<div class=\"row\">\n\t<div class=\"col-12\">\n\t\t<p><input class=\"wpcf7-form-control wpcf7-submit has-spinner btn-border\" type=\"submit\" value=\"Send\" \/>\n\t\t<\/p>\n\t<\/div>\n<\/div><div class=\"wpcf7-response-output\" aria-hidden=\"true\"><\/div>\n<\/form>\n<\/div>\n<\/div>\n","protected":false},"excerpt":{"rendered":"<p>We value the potential of our employees and invest in our talents. Come and be part of our team. If you have a LinkedIn profile, please be sure to include it.<\/p>\n","protected":false},"author":1,"featured_media":0,"parent":0,"menu_order":6,"comment_status":"closed","ping_status":"closed","template":"page-contact.php","meta":{"_acf_changed":false,"footnotes":""},"class_list":["post-2654","page","type-page","status-publish","hentry"],"acf":[],"yoast_head":"<!-- This site is optimized with the Yoast SEO plugin v27.4 - https:\/\/yoast.com\/product\/yoast-seo-wordpress\/ -->\n<title>Contato - Trabalhe conosco - Ara\u00fajo e Policastro Advogados<\/title>\n<meta name=\"robots\" content=\"index, follow, max-snippet:-1, max-image-preview:large, max-video-preview:-1\" \/>\n<link rel=\"canonical\" href=\"https:\/\/araujopolicastro.com.br\/en\/trabalhe-conosco\/\" \/>\n<meta property=\"og:locale\" content=\"en_US\" \/>\n<meta property=\"og:type\" content=\"article\" \/>\n<meta property=\"og:title\" content=\"Contato - Trabalhe conosco - Ara\u00fajo e Policastro Advogados\" \/>\n<meta property=\"og:description\" content=\"We value the potential of our employees and invest in our talents. Come and be part of our team. If you have a LinkedIn profile, please be sure to include it.\" \/>\n<meta property=\"og:url\" content=\"https:\/\/araujopolicastro.com.br\/en\/trabalhe-conosco\/\" \/>\n<meta property=\"og:site_name\" content=\"Ara\u00fajo e Policastro Advogados\" \/>\n<meta property=\"article:publisher\" content=\"https:\/\/www.facebook.com\/araujopolicastro\" \/>\n<meta property=\"article:modified_time\" content=\"2024-08-31T01:32:37+00:00\" \/>\n<meta name=\"twitter:card\" content=\"summary_large_image\" \/>\n<meta name=\"twitter:label1\" content=\"Est. reading time\" \/>\n\t<meta name=\"twitter:data1\" content=\"1 minute\" \/>\n<script type=\"application\/ld+json\" class=\"yoast-schema-graph\">{\"@context\":\"https:\\\/\\\/schema.org\",\"@graph\":[{\"@type\":\"WebPage\",\"@id\":\"https:\\\/\\\/araujopolicastro.com.br\\\/en\\\/trabalhe-conosco\\\/\",\"url\":\"https:\\\/\\\/araujopolicastro.com.br\\\/en\\\/trabalhe-conosco\\\/\",\"name\":\"Contato - Trabalhe conosco - Ara\u00fajo e Policastro Advogados\",\"isPartOf\":{\"@id\":\"https:\\\/\\\/araujopolicastro.com.br\\\/#website\"},\"datePublished\":\"2024-07-08T00:04:31+00:00\",\"dateModified\":\"2024-08-31T01:32:37+00:00\",\"breadcrumb\":{\"@id\":\"https:\\\/\\\/araujopolicastro.com.br\\\/en\\\/trabalhe-conosco\\\/#breadcrumb\"},\"inLanguage\":\"en-US\",\"potentialAction\":[{\"@type\":\"ReadAction\",\"target\":[\"https:\\\/\\\/araujopolicastro.com.br\\\/en\\\/trabalhe-conosco\\\/\"]}]},{\"@type\":\"BreadcrumbList\",\"@id\":\"https:\\\/\\\/araujopolicastro.com.br\\\/en\\\/trabalhe-conosco\\\/#breadcrumb\",\"itemListElement\":[{\"@type\":\"ListItem\",\"position\":1,\"name\":\"In\u00edcio\",\"item\":\"https:\\\/\\\/araujopolicastro.com.br\\\/\"},{\"@type\":\"ListItem\",\"position\":2,\"name\":\"Contato &#8211; Trabalhe conosco\"}]},{\"@type\":\"WebSite\",\"@id\":\"https:\\\/\\\/araujopolicastro.com.br\\\/#website\",\"url\":\"https:\\\/\\\/araujopolicastro.com.br\\\/\",\"name\":\"Ara\u00fajo e Policastro Advogados\",\"description\":\"\u00c9 um dos mais conceituados escrit\u00f3rios de advocacia do Brasil, especializado em direito empresarial e internacional, com ampla experi\u00eancia e excel\u00eancia.\",\"publisher\":{\"@id\":\"https:\\\/\\\/araujopolicastro.com.br\\\/#organization\"},\"potentialAction\":[{\"@type\":\"SearchAction\",\"target\":{\"@type\":\"EntryPoint\",\"urlTemplate\":\"https:\\\/\\\/araujopolicastro.com.br\\\/?s={search_term_string}\"},\"query-input\":{\"@type\":\"PropertyValueSpecification\",\"valueRequired\":true,\"valueName\":\"search_term_string\"}}],\"inLanguage\":\"en-US\"},{\"@type\":\"Organization\",\"@id\":\"https:\\\/\\\/araujopolicastro.com.br\\\/#organization\",\"name\":\"Ara\u00fajo e Policastro Advogados\",\"url\":\"https:\\\/\\\/araujopolicastro.com.br\\\/\",\"logo\":{\"@type\":\"ImageObject\",\"inLanguage\":\"en-US\",\"@id\":\"https:\\\/\\\/araujopolicastro.com.br\\\/#\\\/schema\\\/logo\\\/image\\\/\",\"url\":\"https:\\\/\\\/araujopolicastro.com.br\\\/wp-content\\\/uploads\\\/2024\\\/07\\\/araujo-policastro-1.png\",\"contentUrl\":\"https:\\\/\\\/araujopolicastro.com.br\\\/wp-content\\\/uploads\\\/2024\\\/07\\\/araujo-policastro-1.png\",\"width\":435,\"height\":53,\"caption\":\"Ara\u00fajo e Policastro Advogados\"},\"image\":{\"@id\":\"https:\\\/\\\/araujopolicastro.com.br\\\/#\\\/schema\\\/logo\\\/image\\\/\"},\"sameAs\":[\"https:\\\/\\\/www.facebook.com\\\/araujopolicastro\",\"https:\\\/\\\/www.instagram.com\\\/araujoepolicastroadv\\\/\"]}]}<\/script>\n<!-- \/ Yoast SEO plugin. -->","yoast_head_json":{"title":"Contato - Trabalhe conosco - Ara\u00fajo e Policastro Advogados","robots":{"index":"index","follow":"follow","max-snippet":"max-snippet:-1","max-image-preview":"max-image-preview:large","max-video-preview":"max-video-preview:-1"},"canonical":"https:\/\/araujopolicastro.com.br\/en\/trabalhe-conosco\/","og_locale":"en_US","og_type":"article","og_title":"Contato - Trabalhe conosco - Ara\u00fajo e Policastro Advogados","og_description":"We value the potential of our employees and invest in our talents. Come and be part of our team. If you have a LinkedIn profile, please be sure to include it.","og_url":"https:\/\/araujopolicastro.com.br\/en\/trabalhe-conosco\/","og_site_name":"Ara\u00fajo e Policastro Advogados","article_publisher":"https:\/\/www.facebook.com\/araujopolicastro","article_modified_time":"2024-08-31T01:32:37+00:00","twitter_card":"summary_large_image","twitter_misc":{"Est. reading time":"1 minute"},"schema":{"@context":"https:\/\/schema.org","@graph":[{"@type":"WebPage","@id":"https:\/\/araujopolicastro.com.br\/en\/trabalhe-conosco\/","url":"https:\/\/araujopolicastro.com.br\/en\/trabalhe-conosco\/","name":"Contato - Trabalhe conosco - Ara\u00fajo e Policastro Advogados","isPartOf":{"@id":"https:\/\/araujopolicastro.com.br\/#website"},"datePublished":"2024-07-08T00:04:31+00:00","dateModified":"2024-08-31T01:32:37+00:00","breadcrumb":{"@id":"https:\/\/araujopolicastro.com.br\/en\/trabalhe-conosco\/#breadcrumb"},"inLanguage":"en-US","potentialAction":[{"@type":"ReadAction","target":["https:\/\/araujopolicastro.com.br\/en\/trabalhe-conosco\/"]}]},{"@type":"BreadcrumbList","@id":"https:\/\/araujopolicastro.com.br\/en\/trabalhe-conosco\/#breadcrumb","itemListElement":[{"@type":"ListItem","position":1,"name":"In\u00edcio","item":"https:\/\/araujopolicastro.com.br\/"},{"@type":"ListItem","position":2,"name":"Contato &#8211; Trabalhe conosco"}]},{"@type":"WebSite","@id":"https:\/\/araujopolicastro.com.br\/#website","url":"https:\/\/araujopolicastro.com.br\/","name":"Ara\u00fajo e Policastro Advogados","description":"\u00c9 um dos mais conceituados escrit\u00f3rios de advocacia do Brasil, especializado em direito empresarial e internacional, com ampla experi\u00eancia e excel\u00eancia.","publisher":{"@id":"https:\/\/araujopolicastro.com.br\/#organization"},"potentialAction":[{"@type":"SearchAction","target":{"@type":"EntryPoint","urlTemplate":"https:\/\/araujopolicastro.com.br\/?s={search_term_string}"},"query-input":{"@type":"PropertyValueSpecification","valueRequired":true,"valueName":"search_term_string"}}],"inLanguage":"en-US"},{"@type":"Organization","@id":"https:\/\/araujopolicastro.com.br\/#organization","name":"Ara\u00fajo e Policastro Advogados","url":"https:\/\/araujopolicastro.com.br\/","logo":{"@type":"ImageObject","inLanguage":"en-US","@id":"https:\/\/araujopolicastro.com.br\/#\/schema\/logo\/image\/","url":"https:\/\/araujopolicastro.com.br\/wp-content\/uploads\/2024\/07\/araujo-policastro-1.png","contentUrl":"https:\/\/araujopolicastro.com.br\/wp-content\/uploads\/2024\/07\/araujo-policastro-1.png","width":435,"height":53,"caption":"Ara\u00fajo e Policastro Advogados"},"image":{"@id":"https:\/\/araujopolicastro.com.br\/#\/schema\/logo\/image\/"},"sameAs":["https:\/\/www.facebook.com\/araujopolicastro","https:\/\/www.instagram.com\/araujoepolicastroadv\/"]}]}},"_links":{"self":[{"href":"https:\/\/araujopolicastro.com.br\/en\/wp-json\/wp\/v2\/pages\/2654","targetHints":{"allow":["GET"]}}],"collection":[{"href":"https:\/\/araujopolicastro.com.br\/en\/wp-json\/wp\/v2\/pages"}],"about":[{"href":"https:\/\/araujopolicastro.com.br\/en\/wp-json\/wp\/v2\/types\/page"}],"author":[{"embeddable":true,"href":"https:\/\/araujopolicastro.com.br\/en\/wp-json\/wp\/v2\/users\/1"}],"replies":[{"embeddable":true,"href":"https:\/\/araujopolicastro.com.br\/en\/wp-json\/wp\/v2\/comments?post=2654"}],"version-history":[{"count":1,"href":"https:\/\/araujopolicastro.com.br\/en\/wp-json\/wp\/v2\/pages\/2654\/revisions"}],"predecessor-version":[{"id":2655,"href":"https:\/\/araujopolicastro.com.br\/en\/wp-json\/wp\/v2\/pages\/2654\/revisions\/2655"}],"wp:attachment":[{"href":"https:\/\/araujopolicastro.com.br\/en\/wp-json\/wp\/v2\/media?parent=2654"}],"curies":[{"name":"wp","href":"https:\/\/api.w.org\/{rel}","templated":true}]}}