{"id":2657,"date":"2024-07-07T21:05:02","date_gmt":"2024-07-08T00:05:02","guid":{"rendered":"https:\/\/araujopolicastro.com.br\/contato-newsletter\/"},"modified":"2024-08-30T22:35:28","modified_gmt":"2024-08-31T01:35:28","slug":"newsletter","status":"publish","type":"page","link":"https:\/\/araujopolicastro.com.br\/en\/newsletter\/","title":{"rendered":"Contato &#8211; Newsletter"},"content":{"rendered":"\n<div class=\"wp-block-contact-form-7-contact-form-selector\">\n<div class=\"wpcf7 no-js\" id=\"wpcf7-f2635-o1\" lang=\"en-US\" dir=\"ltr\" data-wpcf7-id=\"2635\">\n<div class=\"screen-reader-response\"><p role=\"status\" aria-live=\"polite\" aria-atomic=\"true\"><\/p> <ul><\/ul><\/div>\n<form action=\"\/en\/wp-json\/wp\/v2\/pages\/2657#wpcf7-f2635-o1\" method=\"post\" class=\"wpcf7-form init\" aria-label=\"Contact form\" novalidate=\"novalidate\" data-status=\"init\">\n<fieldset class=\"hidden-fields-container\"><input type=\"hidden\" name=\"_wpcf7\" value=\"2635\" \/><input type=\"hidden\" name=\"_wpcf7_version\" value=\"6.1.5\" \/><input type=\"hidden\" name=\"_wpcf7_locale\" value=\"en_US\" \/><input type=\"hidden\" name=\"_wpcf7_unit_tag\" value=\"wpcf7-f2635-o1\" \/><input type=\"hidden\" name=\"_wpcf7_container_post\" value=\"0\" \/><input type=\"hidden\" name=\"_wpcf7_posted_data_hash\" value=\"\" \/>\n<\/fieldset>\n<div class=\"row\">\n\t<div class=\"col-12\">\n\t\t<div class=\"mb-3\">\n\t\t\t<p><span class=\"wpcf7-form-control-wrap\" data-name=\"nl-name\"><input size=\"40\" maxlength=\"400\" class=\"wpcf7-form-control wpcf7-text wpcf7-validates-as-required form-control\" aria-required=\"true\" aria-invalid=\"false\" placeholder=\"Name\" value=\"\" type=\"text\" name=\"nl-name\" \/><\/span>\n\t\t\t<\/p>\n\t\t<\/div>\n\t\t<div class=\"mb-3\">\n\t\t\t<p><span class=\"wpcf7-form-control-wrap\" data-name=\"nl-email\"><input size=\"40\" maxlength=\"400\" class=\"wpcf7-form-control wpcf7-email wpcf7-validates-as-required wpcf7-text wpcf7-validates-as-email form-control\" aria-required=\"true\" aria-invalid=\"false\" placeholder=\"E-mail\" value=\"\" type=\"email\" name=\"nl-email\" \/><\/span>\n\t\t\t<\/p>\n\t\t<\/div>\n\t\t<div class=\"mb-3\">\n\t\t\t<p><span class=\"wpcf7-form-control-wrap\" data-name=\"nl-organization\"><input size=\"40\" maxlength=\"400\" class=\"wpcf7-form-control wpcf7-text wpcf7-validates-as-required form-control\" aria-required=\"true\" aria-invalid=\"false\" placeholder=\"Organization\" value=\"\" type=\"text\" name=\"nl-organization\" \/><\/span>\n\t\t\t<\/p>\n\t\t<\/div>\n\t\t<div class=\"mb-3\">\n\t\t\t<p><span class=\"wpcf7-form-control-wrap\" data-name=\"nl-role\"><input size=\"40\" maxlength=\"400\" class=\"wpcf7-form-control wpcf7-text wpcf7-validates-as-required form-control\" aria-required=\"true\" aria-invalid=\"false\" placeholder=\"Position\" value=\"\" type=\"text\" name=\"nl-role\" \/><\/span>\n\t\t\t<\/p>\n\t\t<\/div>\n\t\t<p><input class=\"wpcf7-form-control wpcf7-submit has-spinner btn-border\" type=\"submit\" value=\"Send\" \/>\n\t\t<\/p>\n\t<\/div>\n<\/div><div class=\"wpcf7-response-output\" aria-hidden=\"true\"><\/div>\n<\/form>\n<\/div>\n<\/div>\n","protected":false},"excerpt":{"rendered":"","protected":false},"author":1,"featured_media":0,"parent":0,"menu_order":4,"comment_status":"closed","ping_status":"closed","template":"page-contact.php","meta":{"_acf_changed":false,"footnotes":""},"class_list":["post-2657","page","type-page","status-publish","hentry"],"acf":[],"yoast_head":"<!-- This site is optimized with the Yoast SEO plugin v27.4 - https:\/\/yoast.com\/product\/yoast-seo-wordpress\/ -->\n<title>Contato - Newsletter - Ara\u00fajo e Policastro Advogados<\/title>\n<meta name=\"robots\" content=\"index, follow, max-snippet:-1, max-image-preview:large, max-video-preview:-1\" \/>\n<link rel=\"canonical\" href=\"https:\/\/araujopolicastro.com.br\/en\/newsletter\/\" \/>\n<meta property=\"og:locale\" content=\"en_US\" \/>\n<meta property=\"og:type\" content=\"article\" \/>\n<meta property=\"og:title\" content=\"Contato - Newsletter - Ara\u00fajo e Policastro Advogados\" \/>\n<meta property=\"og:url\" content=\"https:\/\/araujopolicastro.com.br\/en\/newsletter\/\" \/>\n<meta property=\"og:site_name\" content=\"Ara\u00fajo e Policastro Advogados\" \/>\n<meta property=\"article:publisher\" content=\"https:\/\/www.facebook.com\/araujopolicastro\" \/>\n<meta property=\"article:modified_time\" content=\"2024-08-31T01:35:28+00:00\" \/>\n<meta name=\"twitter:card\" content=\"summary_large_image\" \/>\n<meta name=\"twitter:label1\" content=\"Est. reading time\" \/>\n\t<meta name=\"twitter:data1\" content=\"1 minute\" \/>\n<script type=\"application\/ld+json\" class=\"yoast-schema-graph\">{\"@context\":\"https:\\\/\\\/schema.org\",\"@graph\":[{\"@type\":\"WebPage\",\"@id\":\"https:\\\/\\\/araujopolicastro.com.br\\\/en\\\/newsletter\\\/\",\"url\":\"https:\\\/\\\/araujopolicastro.com.br\\\/en\\\/newsletter\\\/\",\"name\":\"Contato - Newsletter - Ara\u00fajo e Policastro Advogados\",\"isPartOf\":{\"@id\":\"https:\\\/\\\/araujopolicastro.com.br\\\/#website\"},\"datePublished\":\"2024-07-08T00:05:02+00:00\",\"dateModified\":\"2024-08-31T01:35:28+00:00\",\"breadcrumb\":{\"@id\":\"https:\\\/\\\/araujopolicastro.com.br\\\/en\\\/newsletter\\\/#breadcrumb\"},\"inLanguage\":\"en-US\",\"potentialAction\":[{\"@type\":\"ReadAction\",\"target\":[\"https:\\\/\\\/araujopolicastro.com.br\\\/en\\\/newsletter\\\/\"]}]},{\"@type\":\"BreadcrumbList\",\"@id\":\"https:\\\/\\\/araujopolicastro.com.br\\\/en\\\/newsletter\\\/#breadcrumb\",\"itemListElement\":[{\"@type\":\"ListItem\",\"position\":1,\"name\":\"In\u00edcio\",\"item\":\"https:\\\/\\\/araujopolicastro.com.br\\\/\"},{\"@type\":\"ListItem\",\"position\":2,\"name\":\"Contato &#8211; Newsletter\"}]},{\"@type\":\"WebSite\",\"@id\":\"https:\\\/\\\/araujopolicastro.com.br\\\/#website\",\"url\":\"https:\\\/\\\/araujopolicastro.com.br\\\/\",\"name\":\"Ara\u00fajo e Policastro Advogados\",\"description\":\"\u00c9 um dos mais conceituados escrit\u00f3rios de advocacia do Brasil, especializado em direito empresarial e internacional, com ampla experi\u00eancia e excel\u00eancia.\",\"publisher\":{\"@id\":\"https:\\\/\\\/araujopolicastro.com.br\\\/#organization\"},\"potentialAction\":[{\"@type\":\"SearchAction\",\"target\":{\"@type\":\"EntryPoint\",\"urlTemplate\":\"https:\\\/\\\/araujopolicastro.com.br\\\/?s={search_term_string}\"},\"query-input\":{\"@type\":\"PropertyValueSpecification\",\"valueRequired\":true,\"valueName\":\"search_term_string\"}}],\"inLanguage\":\"en-US\"},{\"@type\":\"Organization\",\"@id\":\"https:\\\/\\\/araujopolicastro.com.br\\\/#organization\",\"name\":\"Ara\u00fajo e Policastro Advogados\",\"url\":\"https:\\\/\\\/araujopolicastro.com.br\\\/\",\"logo\":{\"@type\":\"ImageObject\",\"inLanguage\":\"en-US\",\"@id\":\"https:\\\/\\\/araujopolicastro.com.br\\\/#\\\/schema\\\/logo\\\/image\\\/\",\"url\":\"https:\\\/\\\/araujopolicastro.com.br\\\/wp-content\\\/uploads\\\/2024\\\/07\\\/araujo-policastro-1.png\",\"contentUrl\":\"https:\\\/\\\/araujopolicastro.com.br\\\/wp-content\\\/uploads\\\/2024\\\/07\\\/araujo-policastro-1.png\",\"width\":435,\"height\":53,\"caption\":\"Ara\u00fajo e Policastro Advogados\"},\"image\":{\"@id\":\"https:\\\/\\\/araujopolicastro.com.br\\\/#\\\/schema\\\/logo\\\/image\\\/\"},\"sameAs\":[\"https:\\\/\\\/www.facebook.com\\\/araujopolicastro\",\"https:\\\/\\\/www.instagram.com\\\/araujoepolicastroadv\\\/\"]}]}<\/script>\n<!-- \/ Yoast SEO plugin. -->","yoast_head_json":{"title":"Contato - Newsletter - Ara\u00fajo e Policastro Advogados","robots":{"index":"index","follow":"follow","max-snippet":"max-snippet:-1","max-image-preview":"max-image-preview:large","max-video-preview":"max-video-preview:-1"},"canonical":"https:\/\/araujopolicastro.com.br\/en\/newsletter\/","og_locale":"en_US","og_type":"article","og_title":"Contato - Newsletter - Ara\u00fajo e Policastro Advogados","og_url":"https:\/\/araujopolicastro.com.br\/en\/newsletter\/","og_site_name":"Ara\u00fajo e Policastro Advogados","article_publisher":"https:\/\/www.facebook.com\/araujopolicastro","article_modified_time":"2024-08-31T01:35:28+00:00","twitter_card":"summary_large_image","twitter_misc":{"Est. reading time":"1 minute"},"schema":{"@context":"https:\/\/schema.org","@graph":[{"@type":"WebPage","@id":"https:\/\/araujopolicastro.com.br\/en\/newsletter\/","url":"https:\/\/araujopolicastro.com.br\/en\/newsletter\/","name":"Contato - Newsletter - Ara\u00fajo e Policastro Advogados","isPartOf":{"@id":"https:\/\/araujopolicastro.com.br\/#website"},"datePublished":"2024-07-08T00:05:02+00:00","dateModified":"2024-08-31T01:35:28+00:00","breadcrumb":{"@id":"https:\/\/araujopolicastro.com.br\/en\/newsletter\/#breadcrumb"},"inLanguage":"en-US","potentialAction":[{"@type":"ReadAction","target":["https:\/\/araujopolicastro.com.br\/en\/newsletter\/"]}]},{"@type":"BreadcrumbList","@id":"https:\/\/araujopolicastro.com.br\/en\/newsletter\/#breadcrumb","itemListElement":[{"@type":"ListItem","position":1,"name":"In\u00edcio","item":"https:\/\/araujopolicastro.com.br\/"},{"@type":"ListItem","position":2,"name":"Contato &#8211; Newsletter"}]},{"@type":"WebSite","@id":"https:\/\/araujopolicastro.com.br\/#website","url":"https:\/\/araujopolicastro.com.br\/","name":"Ara\u00fajo e Policastro Advogados","description":"\u00c9 um dos mais conceituados escrit\u00f3rios de advocacia do Brasil, especializado em direito empresarial e internacional, com ampla experi\u00eancia e excel\u00eancia.","publisher":{"@id":"https:\/\/araujopolicastro.com.br\/#organization"},"potentialAction":[{"@type":"SearchAction","target":{"@type":"EntryPoint","urlTemplate":"https:\/\/araujopolicastro.com.br\/?s={search_term_string}"},"query-input":{"@type":"PropertyValueSpecification","valueRequired":true,"valueName":"search_term_string"}}],"inLanguage":"en-US"},{"@type":"Organization","@id":"https:\/\/araujopolicastro.com.br\/#organization","name":"Ara\u00fajo e Policastro Advogados","url":"https:\/\/araujopolicastro.com.br\/","logo":{"@type":"ImageObject","inLanguage":"en-US","@id":"https:\/\/araujopolicastro.com.br\/#\/schema\/logo\/image\/","url":"https:\/\/araujopolicastro.com.br\/wp-content\/uploads\/2024\/07\/araujo-policastro-1.png","contentUrl":"https:\/\/araujopolicastro.com.br\/wp-content\/uploads\/2024\/07\/araujo-policastro-1.png","width":435,"height":53,"caption":"Ara\u00fajo e Policastro Advogados"},"image":{"@id":"https:\/\/araujopolicastro.com.br\/#\/schema\/logo\/image\/"},"sameAs":["https:\/\/www.facebook.com\/araujopolicastro","https:\/\/www.instagram.com\/araujoepolicastroadv\/"]}]}},"_links":{"self":[{"href":"https:\/\/araujopolicastro.com.br\/en\/wp-json\/wp\/v2\/pages\/2657","targetHints":{"allow":["GET"]}}],"collection":[{"href":"https:\/\/araujopolicastro.com.br\/en\/wp-json\/wp\/v2\/pages"}],"about":[{"href":"https:\/\/araujopolicastro.com.br\/en\/wp-json\/wp\/v2\/types\/page"}],"author":[{"embeddable":true,"href":"https:\/\/araujopolicastro.com.br\/en\/wp-json\/wp\/v2\/users\/1"}],"replies":[{"embeddable":true,"href":"https:\/\/araujopolicastro.com.br\/en\/wp-json\/wp\/v2\/comments?post=2657"}],"version-history":[{"count":1,"href":"https:\/\/araujopolicastro.com.br\/en\/wp-json\/wp\/v2\/pages\/2657\/revisions"}],"predecessor-version":[{"id":2658,"href":"https:\/\/araujopolicastro.com.br\/en\/wp-json\/wp\/v2\/pages\/2657\/revisions\/2658"}],"wp:attachment":[{"href":"https:\/\/araujopolicastro.com.br\/en\/wp-json\/wp\/v2\/media?parent=2657"}],"curies":[{"name":"wp","href":"https:\/\/api.w.org\/{rel}","templated":true}]}}